{"id":78,"date":"2022-12-07T10:42:20","date_gmt":"2022-12-07T10:42:20","guid":{"rendered":"https:\/\/timo-balke.de\/?page_id=78"},"modified":"2024-07-24T08:48:24","modified_gmt":"2024-07-24T08:48:24","slug":"deep-dive","status":"publish","type":"page","link":"https:\/\/timo-balke.de\/?page_id=78","title":{"rendered":"Deep Dive"},"content":{"rendered":"<p>[et_pb_section fb_built=&#8220;1&#8243; _builder_version=&#8220;4.11.4&#8243; _module_preset=&#8220;default&#8220; background_image=&#8220;https:\/\/timo-balke.de\/wp-content\/uploads\/2023\/01\/P2811-Website-Timo-Balke-Hintergrundbild-Header-Burnoutpraevention.jpg&#8220; global_colors_info=&#8220;{}&#8220;][et_pb_row _builder_version=&#8220;4.11.4&#8243; _module_preset=&#8220;default&#8220; global_colors_info=&#8220;{}&#8220;][et_pb_column type=&#8220;4_4&#8243; _builder_version=&#8220;4.11.4&#8243; _module_preset=&#8220;default&#8220; global_colors_info=&#8220;{}&#8220;][et_pb_text _builder_version=&#8220;4.11.4&#8243; _module_preset=&#8220;default&#8220; text_font=&#8220;|800|||||||&#8220; text_text_color=&#8220;#FFFFFF&#8220; text_font_size=&#8220;73px&#8220; text_line_height=&#8220;1.8em&#8220; custom_margin=&#8220;100px||-10px||false|false&#8220; animation_style=&#8220;slide&#8220; animation_duration=&#8220;1300ms&#8220; animation_delay=&#8220;300ms&#8220; text_text_shadow_style=&#8220;preset2&#8243; global_colors_info=&#8220;{}&#8220;]<\/p>\n<p style=\"text-align: center;\">Deep Dive<\/p>\n<p>[\/et_pb_text][et_pb_text _builder_version=&#8220;4.11.4&#8243; _module_preset=&#8220;default&#8220; text_text_color=&#8220;#FFFFFF&#8220; text_font_size=&#8220;28px&#8220; custom_margin=&#8220;0px||||false|false&#8220; custom_margin_tablet=&#8220;0px||||false|false&#8220; custom_margin_phone=&#8220;40px||||false|false&#8220; custom_margin_last_edited=&#8220;on|phone&#8220; animation_style=&#8220;fade&#8220; animation_duration=&#8220;1300ms&#8220; animation_delay=&#8220;600ms&#8220; text_line_height_tablet=&#8220;&#8220; text_line_height_phone=&#8220;1.2em&#8220; text_line_height_last_edited=&#8220;on|phone&#8220; locked=&#8220;off&#8220; global_colors_info=&#8220;{}&#8220;]<\/p>\n<p style=\"text-align: center;\">Praxisbeispiel<\/p>\n<p>[\/et_pb_text][\/et_pb_column][\/et_pb_row][et_pb_row _builder_version=&#8220;4.11.4&#8243; _module_preset=&#8220;default&#8220; custom_margin=&#8220;||8px||false|false&#8220; global_colors_info=&#8220;{}&#8220;][et_pb_column type=&#8220;4_4&#8243; _builder_version=&#8220;4.11.4&#8243; _module_preset=&#8220;default&#8220; global_colors_info=&#8220;{}&#8220;][et_pb_button button_url=&#8220;https:\/\/calendly.com\/timo-balke\/erstgespraech&#8220; url_new_window=&#8220;on&#8220; button_text=&#8220;Erstgespr\u00e4ch  vereinbaren&#8220; button_alignment=&#8220;center&#8220; _builder_version=&#8220;4.11.4&#8243; _module_preset=&#8220;default&#8220; custom_button=&#8220;on&#8220; button_text_size=&#8220;20px&#8220; button_text_color=&#8220;#FFFFFF&#8220; button_bg_use_color_gradient=&#8220;on&#8220; button_bg_color_gradient_start=&#8220;#873e3e&#8220; button_bg_color_gradient_end=&#8220;#703232&#8243; button_border_width=&#8220;2px&#8220; button_border_color=&#8220;#703232&#8243; background_layout=&#8220;dark&#8220; animation_style=&#8220;slide&#8220; animation_delay=&#8220;900ms&#8220; button_bg_color_last_edited=&#8220;off|desktop&#8220; global_colors_info=&#8220;{}&#8220; button_bg_color__hover_enabled=&#8220;on|desktop&#8220;][\/et_pb_button][\/et_pb_column][\/et_pb_row][\/et_pb_section][et_pb_section fb_built=&#8220;1&#8243; _builder_version=&#8220;4.11.4&#8243; _module_preset=&#8220;default&#8220; background_color=&#8220;#703232&#8243; locked=&#8220;off&#8220; global_colors_info=&#8220;{}&#8220;][et_pb_row _builder_version=&#8220;4.11.4&#8243; _module_preset=&#8220;default&#8220; min_height=&#8220;127.8px&#8220; custom_padding=&#8220;||||false|false&#8220; global_colors_info=&#8220;{}&#8220;][et_pb_column type=&#8220;4_4&#8243; _builder_version=&#8220;4.11.4&#8243; _module_preset=&#8220;default&#8220; global_colors_info=&#8220;{}&#8220;][et_pb_video src=&#8220;https:\/\/vimeo.com\/951922593?share=copy&#8220; _builder_version=&#8220;4.11.4&#8243; _module_preset=&#8220;default&#8220; width=&#8220;80%&#8220; max_width=&#8220;700px&#8220; module_alignment=&#8220;center&#8220; animation_style=&#8220;slide&#8220; animation_delay=&#8220;1200ms&#8220; global_colors_info=&#8220;{}&#8220;][\/et_pb_video][\/et_pb_column][\/et_pb_row][\/et_pb_section][et_pb_section fb_built=&#8220;1&#8243; _builder_version=&#8220;4.11.4&#8243; _module_preset=&#8220;default&#8220; global_colors_info=&#8220;{}&#8220;][et_pb_row _builder_version=&#8220;4.11.4&#8243; _module_preset=&#8220;default&#8220; custom_margin=&#8220;||||false|false&#8220; custom_padding=&#8220;||0px||false|false&#8220; global_colors_info=&#8220;{}&#8220;][et_pb_column type=&#8220;4_4&#8243; _builder_version=&#8220;4.11.4&#8243; _module_preset=&#8220;default&#8220; global_colors_info=&#8220;{}&#8220;][et_pb_text _builder_version=&#8220;4.11.4&#8243; _module_preset=&#8220;default&#8220; header_font=&#8220;|800|||||||&#8220; custom_margin=&#8220;||0px||false|false&#8220; custom_padding=&#8220;||20px||false|false&#8220; animation_style=&#8220;slide&#8220; animation_delay=&#8220;300ms&#8220; global_colors_info=&#8220;{}&#8220;]<\/p>\n<h1 style=\"text-align: center;\">Praxisbeispiel f\u00fcr F\u00fchrungskr\u00e4fte-Trainings<\/h1>\n<p>[\/et_pb_text][et_pb_divider _builder_version=&#8220;4.11.4&#8243; _module_preset=&#8220;default&#8220; custom_margin=&#8220;||0px||false|false&#8220; custom_padding=&#8220;||||false|false&#8220; animation_style=&#8220;fade&#8220; animation_delay=&#8220;450ms&#8220; locked=&#8220;off&#8220; global_colors_info=&#8220;{}&#8220;][\/et_pb_divider][\/et_pb_column][\/et_pb_row][et_pb_row _builder_version=&#8220;4.11.4&#8243; _module_preset=&#8220;default&#8220; custom_margin=&#8220;||||false|false&#8220; custom_padding=&#8220;||0px||false|false&#8220; global_colors_info=&#8220;{}&#8220;][et_pb_column type=&#8220;4_4&#8243; _builder_version=&#8220;4.11.4&#8243; _module_preset=&#8220;default&#8220; global_colors_info=&#8220;{}&#8220;][et_pb_text _builder_version=&#8220;4.11.4&#8243; _module_preset=&#8220;default&#8220; header_2_font=&#8220;||||||||&#8220; header_2_text_color=&#8220;#873E3E&#8220; header_3_text_color=&#8220;#873E3E&#8220; custom_padding=&#8220;||30px||false|false&#8220; animation_style=&#8220;slide&#8220; animation_delay=&#8220;600ms&#8220; global_colors_info=&#8220;{}&#8220;]<\/p>\n<h2 style=\"text-align: center;\"><strong>Personalentwicklungsprozess<\/strong><\/h2>\n<h3 style=\"text-align: center;\">f\u00fcr N. N.<\/h3>\n<p>[\/et_pb_text][\/et_pb_column][\/et_pb_row][et_pb_row column_structure=&#8220;2_5,3_5&#8243; _builder_version=&#8220;4.11.4&#8243; _module_preset=&#8220;default&#8220; custom_padding=&#8220;0px||||false|false&#8220; global_colors_info=&#8220;{}&#8220;][et_pb_column type=&#8220;2_5&#8243; _builder_version=&#8220;4.11.4&#8243; _module_preset=&#8220;default&#8220; global_colors_info=&#8220;{}&#8220;][et_pb_text _builder_version=&#8220;4.11.4&#8243; _module_preset=&#8220;default&#8220; text_text_color=&#8220;#FFFFFF&#8220; background_color=&#8220;#703232&#8243; text_orientation=&#8220;center&#8220; width=&#8220;50%&#8220; module_alignment=&#8220;center&#8220; height=&#8220;50px&#8220; custom_padding=&#8220;12px||||false|false&#8220; animation_style=&#8220;slide&#8220; animation_delay=&#8220;900ms&#8220; global_colors_info=&#8220;{}&#8220;]<\/p>\n<p style=\"text-align: center;\"><strong>Bedarfsplanung<\/strong><\/p>\n<p>[\/et_pb_text][\/et_pb_column][et_pb_column type=&#8220;3_5&#8243; _builder_version=&#8220;4.11.4&#8243; _module_preset=&#8220;default&#8220; global_colors_info=&#8220;{}&#8220;][et_pb_text ul_item_indent=&#8220;30px&#8220; _builder_version=&#8220;4.11.4&#8243; _module_preset=&#8220;default&#8220; text_text_color=&#8220;#262626&#8243; header_3_font=&#8220;|700|||||||&#8220; animation_style=&#8220;fade&#8220; animation_delay=&#8220;1200ms&#8220; global_colors_info=&#8220;{}&#8220;]<\/p>\n<h3>Baustein 1<\/h3>\n<ul>\n<li>10 Personen soll die M\u00f6glichkeit geboten werden, Ihre eigene Kompetenz und Wirksamkeit in F\u00fchrung und Zusammenarbeit zu erfahren und weiter zu entwickeln<\/li>\n<li>Eint\u00e4giges Training vor Ort zur Profilsch\u00e4rfung<\/li>\n<\/ul>\n<ul>\n<li>Sich selbst und andere f\u00fchren<\/li>\n<ul>\n<li>Persolog Pers\u00f6nlichkeitsmodell<\/li>\n<li>Rollen und Erwartungsmuster erkennen und aktiv gestalten<\/li>\n<li>Reflexion und Gestaltung des eigenen (F\u00fchrungs-)Verhaltens<\/li>\n<li>Ihr Arbeitsverhalten verstehen und entdecken, wie es auf andere wirkt<\/li>\n<li>Lernen Sie Ihr Potenzial dort einzusetzen, wo Sie am erfolgreichsten werden k\u00f6nnen<\/li>\n<\/ul>\n<\/ul>\n<p>[\/et_pb_text][\/et_pb_column][\/et_pb_row][et_pb_row column_structure=&#8220;2_5,3_5&#8243; _builder_version=&#8220;4.11.4&#8243; _module_preset=&#8220;default&#8220; custom_padding=&#8220;0px||||false|false&#8220; global_colors_info=&#8220;{}&#8220;][et_pb_column type=&#8220;2_5&#8243; _builder_version=&#8220;4.11.4&#8243; _module_preset=&#8220;default&#8220; global_colors_info=&#8220;{}&#8220;][et_pb_text _builder_version=&#8220;4.11.4&#8243; _module_preset=&#8220;default&#8220; text_text_color=&#8220;#FFFFFF&#8220; background_color=&#8220;#703232&#8243; text_orientation=&#8220;center&#8220; width=&#8220;50%&#8220; module_alignment=&#8220;center&#8220; height=&#8220;50px&#8220; custom_padding=&#8220;12px||||false|false&#8220; animation_style=&#8220;slide&#8220; animation_delay=&#8220;300ms&#8220; global_colors_info=&#8220;{}&#8220;]<\/p>\n<p style=\"text-align: center;\"><strong>Standortanalyse<\/strong><\/p>\n<p>[\/et_pb_text][\/et_pb_column][et_pb_column type=&#8220;3_5&#8243; _builder_version=&#8220;4.11.4&#8243; _module_preset=&#8220;default&#8220; global_colors_info=&#8220;{}&#8220;][et_pb_text ul_item_indent=&#8220;30px&#8220; _builder_version=&#8220;4.11.4&#8243; _module_preset=&#8220;default&#8220; text_text_color=&#8220;#262626&#8243; header_3_font=&#8220;|700|||||||&#8220; animation_style=&#8220;fade&#8220; animation_delay=&#8220;600ms&#8220; global_colors_info=&#8220;{}&#8220;]<\/p>\n<h3>Baustein 2<\/h3>\n<ul>\n<li>Feedbackprozess, Selbsteinsch\u00e4tzung | 3 Sessions \u00e1 120 Minuten online<\/li>\n<ul>\n<li>Session 1: Entdecken<\/li>\n<ul>\n<li>Feedbackprozesse kennenlernen<\/li>\n<\/ul>\n<li>Session 2: Ausprobieren und durchf\u00fchren<\/li>\n<ul>\n<li>Feedbackbogen erstellen<\/li>\n<li>Selbst- und Fremdeinsch\u00e4tzung einholen<\/li>\n<\/ul>\n<li>Session 3: Umsetzung in den Arbeitsalltag<\/li>\n<ul>\n<li>Auswertung des Feedbackprozesses<\/li>\n<li>Strategie zur Anpassung des Verhaltens<\/li>\n<\/ul>\n<\/ul>\n<\/ul>\n<p>[\/et_pb_text][\/et_pb_column][\/et_pb_row][et_pb_row column_structure=&#8220;2_5,3_5&#8243; _builder_version=&#8220;4.11.4&#8243; _module_preset=&#8220;default&#8220; custom_padding=&#8220;0px||||false|false&#8220; global_colors_info=&#8220;{}&#8220;][et_pb_column type=&#8220;2_5&#8243; _builder_version=&#8220;4.11.4&#8243; _module_preset=&#8220;default&#8220; global_colors_info=&#8220;{}&#8220;][et_pb_text _builder_version=&#8220;4.11.4&#8243; _module_preset=&#8220;default&#8220; text_text_color=&#8220;#FFFFFF&#8220; background_color=&#8220;#703232&#8243; text_orientation=&#8220;center&#8220; width=&#8220;50%&#8220; module_alignment=&#8220;center&#8220; height=&#8220;50px&#8220; custom_padding=&#8220;12px||||false|false&#8220; animation_style=&#8220;slide&#8220; animation_delay=&#8220;900ms&#8220; global_colors_info=&#8220;{}&#8220;]<\/p>\n<p style=\"text-align: center;\"><strong>Personalauswahl<\/strong><\/p>\n<p>[\/et_pb_text][\/et_pb_column][et_pb_column type=&#8220;3_5&#8243; _builder_version=&#8220;4.11.4&#8243; _module_preset=&#8220;default&#8220; global_colors_info=&#8220;{}&#8220;][et_pb_text ul_item_indent=&#8220;30px&#8220; _builder_version=&#8220;4.11.4&#8243; _module_preset=&#8220;default&#8220; text_text_color=&#8220;#262626&#8243; header_3_font=&#8220;|700|||||||&#8220; animation_style=&#8220;fade&#8220; animation_delay=&#8220;900ms&#8220; global_colors_info=&#8220;{}&#8220;]<\/p>\n<h3>Baustein 3<\/h3>\n<ul>\n<li><span>Entscheidung Firma N.N. und Mitarbeitende, ob eine F\u00fchrungsfunktion weiterhin angestrebt wird<\/span><\/li>\n<\/ul>\n<p>[\/et_pb_text][\/et_pb_column][\/et_pb_row][et_pb_row column_structure=&#8220;2_5,3_5&#8243; _builder_version=&#8220;4.11.4&#8243; _module_preset=&#8220;default&#8220; custom_padding=&#8220;0px||||false|false&#8220; global_colors_info=&#8220;{}&#8220;][et_pb_column type=&#8220;2_5&#8243; _builder_version=&#8220;4.11.4&#8243; _module_preset=&#8220;default&#8220; global_colors_info=&#8220;{}&#8220;][et_pb_text _builder_version=&#8220;4.11.4&#8243; _module_preset=&#8220;default&#8220; text_text_color=&#8220;#FFFFFF&#8220; background_color=&#8220;#703232&#8243; text_orientation=&#8220;center&#8220; width=&#8220;50%&#8220; module_alignment=&#8220;center&#8220; height=&#8220;50px&#8220; custom_padding=&#8220;12px||||false|false&#8220; animation_style=&#8220;slide&#8220; animation_delay=&#8220;1200ms&#8220; global_colors_info=&#8220;{}&#8220;]<\/p>\n<p style=\"text-align: center;\"><strong>Personalentwicklung<\/strong><\/p>\n<p>[\/et_pb_text][\/et_pb_column][et_pb_column type=&#8220;3_5&#8243; _builder_version=&#8220;4.11.4&#8243; _module_preset=&#8220;default&#8220; global_colors_info=&#8220;{}&#8220;][et_pb_text ul_item_indent=&#8220;30px&#8220; _builder_version=&#8220;4.11.4&#8243; _module_preset=&#8220;default&#8220; text_text_color=&#8220;#262626&#8243; header_3_font=&#8220;|700|||||||&#8220; header_4_font=&#8220;|700|||||||&#8220; animation_style=&#8220;fade&#8220; animation_delay=&#8220;1500ms&#8220; global_colors_info=&#8220;{}&#8220;]<\/p>\n<h3>Baustein 4<\/h3>\n<ul>\n<li>Erstellung Entwicklungsplan zum Erwerb definierter Fertigkeiten und Durchf\u00fchrung Training\n<ul>\n<li>Variante 1: Training in Pr\u00e4senz vor Ort<\/li>\n<li>Variante 2: Onlinetraining, 3 Sessions \u00e1 120 Minuten<\/li>\n<\/ul>\n<\/li>\n<\/ul>\n<h4>M\u00f6gliche Bausteine<\/h4>\n<ul>\n<li>Gesundheitsrelevantes Verhalten und Eigenhygiene st\u00e4rken<\/li>\n<li>Teamf\u00fchrung<\/li>\n<li>Kritikgespr\u00e4che f\u00fchren<\/li>\n<li>Mitarbeiter*innengespr\u00e4che f\u00fchren<\/li>\n<li>Das eigene Konfliktverhalten verstehen und regulieren<\/li>\n<li>Konfliktsituationen reduzieren und Zusammenarbeit im Team st\u00e4rken<\/li>\n<li>F\u00fchrungsprinzipien<\/li>\n<li>F\u00fchrungsstile, z.B. Situatives F\u00fchren<\/li>\n<li>Leistungsbeurteilung<\/li>\n<li>Vertrauen schaffen<\/li>\n<li>Belastungssituationen stabil bew\u00e4ltigen<\/li>\n<li>Kommunikation, die ankommt<\/li>\n<li>Steigerung Selbstsicherheit und Grenzen setzen<\/li>\n<li>Belastungssituationen stabil bew\u00e4ltigen<\/li>\n<li>Professionelle Kommunikation, Kommunikationsmodelle<\/li>\n<li>\u2026<\/li>\n<\/ul>\n<h4>N\u00e4her erl\u00e4uterter beispielhafter Baustein<\/h4>\n<p><strong><u>Ver\u00e4nderungen in Teams aufgrund von Mitarbeiterwechsel<\/u><\/strong><\/p>\n<ul>\n<li>Auf dieser Route setzt Du Dich mit Ver\u00e4nderungen aufgrund von Mitarbeiterwechsel in Deinem Team auseinander, um Wirkungsweisen zu verstehen und zu regulieren. Ziel ist die Zusammenarbeit und die Produktivit\u00e4t zu steigern.<\/li>\n<li>Wir erkunden gemeinsam die IST-Situation in Deinem Team. Du lernst &#8222;Psychologische Vertr\u00e4ge&#8220; und &#8222;Rollen im Team&#8220; kennen, um Verdecktes offenkundig zu machen.<\/li>\n<li>Du legst wechselseitige Erwartungen, Verpflichtungen und daraus resultierende m\u00f6gliche Konfliktsituationen offen. Hier findest Du einen sicheren Raum, um diese zu besprechen und zu reflektieren.<\/li>\n<li>Du entwickelst Ziele und einen Ma\u00dfnahmenplan, um die Zusammenarbeit und die Produktivit\u00e4t zu verbessern. Du erlebst Deine Wirksamkeit und gewinnst daraus Selbstsicherheit.<\/li>\n<\/ul>\n<p>[\/et_pb_text][\/et_pb_column][\/et_pb_row][\/et_pb_section][et_pb_section fb_built=&#8220;1&#8243; _builder_version=&#8220;4.11.4&#8243; _module_preset=&#8220;default&#8220; background_image=&#8220;https:\/\/timo-balke.de\/wp-content\/uploads\/2022\/12\/business-people-shaking-hands-together-V02-2.png&#8220; global_colors_info=&#8220;{}&#8220;][et_pb_row _builder_version=&#8220;4.11.4&#8243; _module_preset=&#8220;default&#8220; custom_margin=&#8220;80px||50px||false|false&#8220; global_colors_info=&#8220;{}&#8220;][et_pb_column type=&#8220;4_4&#8243; _builder_version=&#8220;4.11.4&#8243; _module_preset=&#8220;default&#8220; global_colors_info=&#8220;{}&#8220;][et_pb_text _builder_version=&#8220;4.11.4&#8243; _module_preset=&#8220;default&#8220; text_font=&#8220;|800|||||||&#8220; text_text_color=&#8220;#FFFFFF&#8220; text_font_size=&#8220;50px&#8220; text_line_height=&#8220;1.2em&#8220; header_line_height=&#8220;1.2em&#8220; animation_style=&#8220;slide&#8220; animation_delay=&#8220;300ms&#8220; text_text_shadow_style=&#8220;preset1&#8243; global_colors_info=&#8220;{}&#8220;]<\/p>\n<p style=\"text-align: center;\">Interesse geweckt?<\/p>\n<p>[\/et_pb_text][et_pb_text _builder_version=&#8220;4.11.4&#8243; _module_preset=&#8220;default&#8220; text_font=&#8220;|700|||||||&#8220; text_text_color=&#8220;#FFFFFF&#8220; text_font_size=&#8220;25px&#8220; text_line_height=&#8220;1.2em&#8220; custom_margin=&#8220;40px||70px||false|false&#8220; animation_style=&#8220;fade&#8220; animation_delay=&#8220;600ms&#8220; global_colors_info=&#8220;{}&#8220;]<\/p>\n<p style=\"text-align: center;\">Dann sichere dir jetzt ein kosten\u00ad&shy;loses&nbsp;Erst&shy;ge&shy;\u00adspr\u00e4ch!<\/p>\n<p>[\/et_pb_text][et_pb_button button_url=&#8220;https:\/\/calendly.com\/timo-balke\/erstgespraech&#8220; url_new_window=&#8220;on&#8220; button_text=&#8220;Erstgespr\u00e4ch vereinbaren&#8220; button_alignment=&#8220;center&#8220; _builder_version=&#8220;4.11.4&#8243; _module_preset=&#8220;default&#8220; custom_button=&#8220;on&#8220; button_text_size=&#8220;20px&#8220; button_text_color=&#8220;#FFFFFF&#8220; button_bg_use_color_gradient=&#8220;on&#8220; button_bg_color_gradient_start=&#8220;#873e3e&#8220; button_bg_color_gradient_end=&#8220;#703232&#8243; button_border_width=&#8220;0px&#8220; button_border_color=&#8220;#703232&#8243; button_border_radius=&#8220;0px&#8220; background_layout=&#8220;dark&#8220; animation_style=&#8220;slide&#8220; animation_delay=&#8220;900ms&#8220; button_bg_color_last_edited=&#8220;off|desktop&#8220; global_colors_info=&#8220;{}&#8220; button_bg_color__hover_enabled=&#8220;on|desktop&#8220;][\/et_pb_button][et_pb_text disabled_on=&#8220;on|on|off&#8220; admin_label=&#8220;ProvenExpert-Badge&#8220; _builder_version=&#8220;4.11.4&#8243; _module_preset=&#8220;default&#8220; global_colors_info=&#8220;{}&#8220;]<\/p>\n<p><!-- ProvenExpert Bewertungssiegel --><br \/><a class=\"ProvenExpert_widget_container\" href=\"https:\/\/www.provenexpert.com\/business-trainer-timo-balke\/?utm_source=Widget&amp;utm_medium=Widget&amp;utm_campaign=Widget\" title=\"Kundenbewertungen &amp; Erfahrungen zu Business-Trainer Timo Balke. Mehr Infos anzeigen.\" target=\"_blank\" style=\"text-decoration: none; z-index: 9999; position: fixed; float: left; line-height: 0; right: 25px; bottom: 25px;\" rel=\"noopener noreferrer\"><img loading=\"lazy\" decoding=\"async\" src=\"https:\/\/images.provenexpert.com\/2f\/f3\/743a908e59c97d1fd0b35fca09d5\/widget_portrait_180_de_0.png\" alt=\"Erfahrungen &amp; Bewertungen zu Business-Trainer Timo Balke\" width=\"180\" height=\"216\" style=\"border: 0;\" \/><\/a><br \/><!-- ProvenExpert Bewertungssiegel --><\/p>\n<p>[\/et_pb_text][\/et_pb_column][\/et_pb_row][\/et_pb_section]<\/p>\n","protected":false},"excerpt":{"rendered":"<p>Deep DivePraxisbeispielPraxisbeispiel f\u00fcr F\u00fchrungskr\u00e4fte-TrainingsPersonalentwicklungsprozess f\u00fcr N. N.BedarfsplanungBaustein 1 10 Personen soll die M\u00f6glichkeit geboten werden, Ihre eigene Kompetenz und Wirksamkeit in F\u00fchrung und Zusammenarbeit zu erfahren und weiter zu entwickeln Eint\u00e4giges Training vor Ort zur Profilsch\u00e4rfung Sich selbst und andere f\u00fchren Persolog Pers\u00f6nlichkeitsmodell Rollen und Erwartungsmuster erkennen und aktiv gestalten Reflexion und Gestaltung des eigenen [&hellip;]<\/p>\n","protected":false},"author":4,"featured_media":0,"parent":7,"menu_order":2,"comment_status":"closed","ping_status":"closed","template":"","meta":{"_et_pb_use_builder":"on","_et_pb_old_content":"","_et_gb_content_width":"","footnotes":""},"class_list":["post-78","page","type-page","status-publish","hentry"],"_links":{"self":[{"href":"https:\/\/timo-balke.de\/index.php?rest_route=\/wp\/v2\/pages\/78","targetHints":{"allow":["GET"]}}],"collection":[{"href":"https:\/\/timo-balke.de\/index.php?rest_route=\/wp\/v2\/pages"}],"about":[{"href":"https:\/\/timo-balke.de\/index.php?rest_route=\/wp\/v2\/types\/page"}],"author":[{"embeddable":true,"href":"https:\/\/timo-balke.de\/index.php?rest_route=\/wp\/v2\/users\/4"}],"replies":[{"embeddable":true,"href":"https:\/\/timo-balke.de\/index.php?rest_route=%2Fwp%2Fv2%2Fcomments&post=78"}],"version-history":[{"count":37,"href":"https:\/\/timo-balke.de\/index.php?rest_route=\/wp\/v2\/pages\/78\/revisions"}],"predecessor-version":[{"id":529,"href":"https:\/\/timo-balke.de\/index.php?rest_route=\/wp\/v2\/pages\/78\/revisions\/529"}],"up":[{"embeddable":true,"href":"https:\/\/timo-balke.de\/index.php?rest_route=\/wp\/v2\/pages\/7"}],"wp:attachment":[{"href":"https:\/\/timo-balke.de\/index.php?rest_route=%2Fwp%2Fv2%2Fmedia&parent=78"}],"curies":[{"name":"wp","href":"https:\/\/api.w.org\/{rel}","templated":true}]}}