{"id":80,"date":"2022-12-07T10:42:51","date_gmt":"2022-12-07T10:42:51","guid":{"rendered":"https:\/\/timo-balke.de\/?page_id=80"},"modified":"2024-07-24T09:29:14","modified_gmt":"2024-07-24T09:29:14","slug":"trainingsangebote","status":"publish","type":"page","link":"https:\/\/timo-balke.de\/?page_id=80","title":{"rendered":"Trainingsangebote"},"content":{"rendered":"<p>[et_pb_section fb_built=&#8220;1&#8243; _builder_version=&#8220;4.11.4&#8243; _module_preset=&#8220;default&#8220; background_image=&#8220;https:\/\/timo-balke.de\/wp-content\/uploads\/2023\/01\/P2811-Website-Timo-Balke-Hintergrundbild-Header-Trainingsangebot.jpg&#8220; global_colors_info=&#8220;{}&#8220;][et_pb_row _builder_version=&#8220;4.11.4&#8243; _module_preset=&#8220;default&#8220; global_colors_info=&#8220;{}&#8220;][et_pb_column type=&#8220;4_4&#8243; _builder_version=&#8220;4.11.4&#8243; _module_preset=&#8220;default&#8220; global_colors_info=&#8220;{}&#8220;][et_pb_text content_tablet=&#8220;<\/p>\n<p style=%22text-align: center;%22>Trainingsangebot<\/p>\n<p>&#8220; content_phone=&#8220;<\/p>\n<p style=%22text-align: center;%22>Trainings-<br \/>angebot<\/p>\n<p>&#8220; content_last_edited=&#8220;on|phone&#8220; _builder_version=&#8220;4.11.4&#8243; _module_preset=&#8220;default&#8220; text_font=&#8220;|800|||||||&#8220; text_text_color=&#8220;#FFFFFF&#8220; text_font_size=&#8220;73px&#8220; text_line_height=&#8220;1.8em&#8220; custom_margin=&#8220;100px||-10px||false|false&#8220; animation_style=&#8220;fade&#8220; animation_delay=&#8220;300ms&#8220; text_font_size_tablet=&#8220;73px&#8220; text_font_size_phone=&#8220;60px&#8220; text_font_size_last_edited=&#8220;on|phone&#8220; text_text_shadow_style=&#8220;preset2&#8243; global_colors_info=&#8220;{}&#8220;]<\/p>\n<p style=\"text-align: center;\">Training\u00ad\u00ads\u00ad\u00adangebote<\/p>\n<p>[\/et_pb_text][et_pb_text _builder_version=&#8220;4.11.4&#8243; _module_preset=&#8220;default&#8220; text_text_color=&#8220;#FFFFFF&#8220; text_font_size=&#8220;28px&#8220; custom_margin=&#8220;0px||||false|false&#8220; custom_margin_tablet=&#8220;0px||||false|false&#8220; custom_margin_phone=&#8220;40px||||false|false&#8220; custom_margin_last_edited=&#8220;on|phone&#8220; animation_style=&#8220;fade&#8220; animation_duration=&#8220;1200ms&#8220; animation_delay=&#8220;600ms&#8220; text_line_height_tablet=&#8220;&#8220; text_line_height_phone=&#8220;1.2em&#8220; text_line_height_last_edited=&#8220;on|phone&#8220; global_colors_info=&#8220;{}&#8220;]<\/p>\n<p style=\"text-align: center;\">F\u00fcr mehr Erfolg im Unternehmen.<\/p>\n<p>[\/et_pb_text][\/et_pb_column][\/et_pb_row][et_pb_row _builder_version=&#8220;4.11.4&#8243; _module_preset=&#8220;default&#8220; custom_margin=&#8220;||8px||false|false&#8220; global_colors_info=&#8220;{}&#8220;][et_pb_column type=&#8220;4_4&#8243; _builder_version=&#8220;4.11.4&#8243; _module_preset=&#8220;default&#8220; global_colors_info=&#8220;{}&#8220;][et_pb_button button_url=&#8220;https:\/\/calendly.com\/timo-balke\/erstgespraech&#8220; url_new_window=&#8220;on&#8220; button_text=&#8220;Erstgespr\u00e4ch vereinbaren&#8220; button_alignment=&#8220;center&#8220; _builder_version=&#8220;4.11.4&#8243; _module_preset=&#8220;default&#8220; custom_button=&#8220;on&#8220; button_text_size=&#8220;20px&#8220; button_text_color=&#8220;#FFFFFF&#8220; button_bg_use_color_gradient=&#8220;on&#8220; button_bg_color_gradient_start=&#8220;#873e3e&#8220; button_bg_color_gradient_end=&#8220;#703232&#8243; button_border_width=&#8220;0px&#8220; button_border_color=&#8220;#703232&#8243; button_border_radius=&#8220;0px&#8220; background_layout=&#8220;dark&#8220; animation_style=&#8220;slide&#8220; animation_delay=&#8220;900ms&#8220; button_bg_color_last_edited=&#8220;off|desktop&#8220; global_colors_info=&#8220;{}&#8220; button_bg_color__hover_enabled=&#8220;on|desktop&#8220;][\/et_pb_button][\/et_pb_column][\/et_pb_row][\/et_pb_section][et_pb_section fb_built=&#8220;1&#8243; _builder_version=&#8220;4.11.4&#8243; _module_preset=&#8220;default&#8220; background_color=&#8220;#703232&#8243; global_colors_info=&#8220;{}&#8220;][et_pb_row _builder_version=&#8220;4.11.4&#8243; _module_preset=&#8220;default&#8220; min_height=&#8220;127.8px&#8220; custom_padding=&#8220;||||false|false&#8220; global_colors_info=&#8220;{}&#8220;][et_pb_column type=&#8220;4_4&#8243; _builder_version=&#8220;4.11.4&#8243; _module_preset=&#8220;default&#8220; global_colors_info=&#8220;{}&#8220;][et_pb_video src=&#8220;https:\/\/vimeo.com\/951919336?share=copy&#8220; _builder_version=&#8220;4.11.4&#8243; _module_preset=&#8220;default&#8220; width=&#8220;80%&#8220; max_width=&#8220;700px&#8220; module_alignment=&#8220;center&#8220; global_colors_info=&#8220;{}&#8220;][\/et_pb_video][et_pb_button button_url=&#8220;https:\/\/timo-balke.de\/wp-content\/uploads\/2024\/05\/Profil_Timo-Balke_2024.pdf&#8220; url_new_window=&#8220;on&#8220; button_text=&#8220;Trainerprofil (PDF)&#8220; button_alignment=&#8220;center&#8220; _builder_version=&#8220;4.11.4&#8243; _module_preset=&#8220;default&#8220; custom_button=&#8220;on&#8220; button_text_size=&#8220;20px&#8220; button_text_color=&#8220;#873E3E&#8220; button_bg_use_color_gradient=&#8220;on&#8220; button_bg_color_gradient_start=&#8220;#ffffff&#8220; button_bg_color_gradient_end=&#8220;#dddddd&#8220; button_border_width=&#8220;0px&#8220; button_border_color=&#8220;#703232&#8243; button_border_radius=&#8220;0px&#8220; button_icon=&#8220;%%71%%&#8220; background_layout=&#8220;dark&#8220; animation_style=&#8220;slide&#8220; animation_delay=&#8220;300ms&#8220; button_icon_last_edited=&#8220;off|desktop&#8220; locked=&#8220;off&#8220; global_colors_info=&#8220;{}&#8220; button_bg_color__hover_enabled=&#8220;on|desktop&#8220;][\/et_pb_button][\/et_pb_column][\/et_pb_row][\/et_pb_section][et_pb_section fb_built=&#8220;1&#8243; _builder_version=&#8220;4.11.4&#8243; _module_preset=&#8220;default&#8220; global_colors_info=&#8220;{}&#8220;][et_pb_row _builder_version=&#8220;4.11.4&#8243; _module_preset=&#8220;default&#8220; module_alignment=&#8220;center&#8220; custom_margin=&#8220;||||false|false&#8220; custom_padding=&#8220;||0px||false|false&#8220; global_colors_info=&#8220;{}&#8220;][et_pb_column type=&#8220;4_4&#8243; _builder_version=&#8220;4.11.4&#8243; _module_preset=&#8220;default&#8220; global_colors_info=&#8220;{}&#8220;][et_pb_text _builder_version=&#8220;4.11.4&#8243; _module_preset=&#8220;default&#8220; text_text_color=&#8220;#000000&#8243; header_font=&#8220;|800|||||||&#8220; max_width=&#8220;700px&#8220; module_alignment=&#8220;center&#8220; custom_margin=&#8220;||||false|false&#8220; custom_padding=&#8220;||||false|false&#8220; hover_enabled=&#8220;0&#8243; global_colors_info=&#8220;{}&#8220; sticky_enabled=&#8220;0&#8243;]<\/p>\n<h1 style=\"text-align: left;\">Meine Beratungs&shy;schwer&shy;punkte<\/h1>\n<ul style=\"padding-top: 20px;\">\n<li>Entwicklung und Begleitung von F\u00fchrungskr\u00e4ften und Mitarbeiter:innen<\/li>\n<li>Feedback \/ Feedbackkultur<\/li>\n<li>Gespr\u00e4chsf\u00fchrung \/ Mitarbeiter:innengespr\u00e4che \/ Beurteilungen<\/li>\n<li>Gesundheitsrelevantes Verhalten und Psychohygiene, Resilienz<\/li>\n<li>Entwicklung und Begleitung von Prozessen in F\u00fchrung und Vertrieb<\/li>\n<li>Begleitung von Change-Prozessen<\/li>\n<li>Moderation<\/li>\n<\/ul>\n<p>Gerne begleite ich junge Nachwuchsf\u00fchrungskr\u00e4fte und st\u00e4rke sie in ihrer Entwicklung. Meine Kunden buchen meist individuell zusammen gestellte Bausteine, so dass es zum jeweiligen Unternehmen passt.[\/et_pb_text][et_pb_button button_url=&#8220;https:\/\/timo-balke.de\/?page_id=78&#8243; button_text=&#8220;Deep Dive \u2013 Praxisbeispiel&#8220; button_alignment=&#8220;center&#8220; _builder_version=&#8220;4.11.4&#8243; _module_preset=&#8220;default&#8220; custom_button=&#8220;on&#8220; button_text_size=&#8220;20px&#8220; button_text_color=&#8220;#FFFFFF&#8220; button_bg_use_color_gradient=&#8220;on&#8220; button_bg_color_gradient_start=&#8220;#873e3e&#8220; button_bg_color_gradient_end=&#8220;#703232&#8243; button_border_width=&#8220;0px&#8220; button_border_color=&#8220;#703232&#8243; button_border_radius=&#8220;0px&#8220; background_layout=&#8220;dark&#8220; animation_style=&#8220;slide&#8220; animation_delay=&#8220;300ms&#8220; button_bg_color_last_edited=&#8220;off|desktop&#8220; global_colors_info=&#8220;{}&#8220; button_bg_color__hover_enabled=&#8220;on|desktop&#8220;][\/et_pb_button][\/et_pb_column][\/et_pb_row][\/et_pb_section][et_pb_section fb_built=&#8220;1&#8243; _builder_version=&#8220;4.11.4&#8243; _module_preset=&#8220;default&#8220; background_image=&#8220;https:\/\/timo-balke.de\/wp-content\/uploads\/2022\/12\/business-people-shaking-hands-together-V02-2.png&#8220; global_colors_info=&#8220;{}&#8220;][et_pb_row _builder_version=&#8220;4.11.4&#8243; _module_preset=&#8220;default&#8220; custom_margin=&#8220;80px||50px||false|false&#8220; global_colors_info=&#8220;{}&#8220;][et_pb_column type=&#8220;4_4&#8243; _builder_version=&#8220;4.11.4&#8243; _module_preset=&#8220;default&#8220; global_colors_info=&#8220;{}&#8220;][et_pb_text _builder_version=&#8220;4.11.4&#8243; _module_preset=&#8220;default&#8220; text_font=&#8220;|800|||||||&#8220; text_text_color=&#8220;#FFFFFF&#8220; text_font_size=&#8220;50px&#8220; text_line_height=&#8220;1.2em&#8220; header_line_height=&#8220;1.2em&#8220; animation_style=&#8220;slide&#8220; animation_delay=&#8220;300ms&#8220; text_text_shadow_style=&#8220;preset1&#8243; global_colors_info=&#8220;{}&#8220;]<\/p>\n<p style=\"text-align: center;\">Interesse geweckt?<\/p>\n<p>[\/et_pb_text][et_pb_text _builder_version=&#8220;4.11.4&#8243; _module_preset=&#8220;default&#8220; text_font=&#8220;|700|||||||&#8220; text_text_color=&#8220;#FFFFFF&#8220; text_font_size=&#8220;25px&#8220; text_line_height=&#8220;1.2em&#8220; custom_margin=&#8220;40px||70px||false|false&#8220; animation_style=&#8220;fade&#8220; animation_delay=&#8220;600ms&#8220; global_colors_info=&#8220;{}&#8220;]<\/p>\n<p style=\"text-align: center;\">Dann sichere dir jetzt ein kosten\u00ad&shy;loses&nbsp;Erst&shy;ge&shy;\u00adspr\u00e4ch!<\/p>\n<p>[\/et_pb_text][et_pb_button button_url=&#8220;https:\/\/calendly.com\/timo-balke\/erstgespraech&#8220; url_new_window=&#8220;on&#8220; button_text=&#8220;Erstgespr\u00e4ch vereinbaren&#8220; button_alignment=&#8220;center&#8220; _builder_version=&#8220;4.11.4&#8243; _module_preset=&#8220;default&#8220; custom_button=&#8220;on&#8220; button_text_size=&#8220;20px&#8220; button_text_color=&#8220;#FFFFFF&#8220; button_bg_use_color_gradient=&#8220;on&#8220; button_bg_color_gradient_start=&#8220;#873e3e&#8220; button_bg_color_gradient_end=&#8220;#703232&#8243; button_border_width=&#8220;0px&#8220; button_border_color=&#8220;#703232&#8243; button_border_radius=&#8220;0px&#8220; background_layout=&#8220;dark&#8220; animation_style=&#8220;slide&#8220; animation_delay=&#8220;900ms&#8220; button_bg_color_last_edited=&#8220;off|desktop&#8220; global_colors_info=&#8220;{}&#8220; button_bg_color__hover_enabled=&#8220;on|desktop&#8220;][\/et_pb_button][et_pb_text disabled_on=&#8220;on|on|off&#8220; admin_label=&#8220;ProvenExpert-Badge&#8220; _builder_version=&#8220;4.11.4&#8243; _module_preset=&#8220;default&#8220; global_colors_info=&#8220;{}&#8220;]<\/p>\n<p><!-- ProvenExpert Bewertungssiegel --><br \/><a class=\"ProvenExpert_widget_container\" href=\"https:\/\/www.provenexpert.com\/business-trainer-timo-balke\/?utm_source=Widget&amp;utm_medium=Widget&amp;utm_campaign=Widget\" title=\"Kundenbewertungen &amp; Erfahrungen zu Business-Trainer Timo Balke. Mehr Infos anzeigen.\" target=\"_blank\" style=\"text-decoration: none; z-index: 9999; position: fixed; float: left; line-height: 0; right: 25px; bottom: 25px;\" rel=\"noopener noreferrer\"><img loading=\"lazy\" decoding=\"async\" src=\"https:\/\/images.provenexpert.com\/2f\/f3\/743a908e59c97d1fd0b35fca09d5\/widget_portrait_180_de_0.png\" alt=\"Erfahrungen &amp; Bewertungen zu Business-Trainer Timo Balke\" width=\"180\" height=\"216\" style=\"border: 0;\" \/><\/a><br \/><!-- ProvenExpert Bewertungssiegel --><\/p>\n<p>[\/et_pb_text][\/et_pb_column][\/et_pb_row][\/et_pb_section]<\/p>\n","protected":false},"excerpt":{"rendered":"<p>Training\u00ad\u00ads\u00ad\u00adangeboteF\u00fcr mehr Erfolg im Unternehmen.Meine Beratungs&shy;schwer&shy;punkte Entwicklung und Begleitung von F\u00fchrungskr\u00e4ften und Mitarbeiter:innen Feedback \/ Feedbackkultur Gespr\u00e4chsf\u00fchrung \/ Mitarbeiter:innengespr\u00e4che \/ Beurteilungen Gesundheitsrelevantes Verhalten und Psychohygiene, Resilienz Entwicklung und Begleitung von Prozessen in F\u00fchrung und Vertrieb Begleitung von Change-Prozessen Moderation Gerne begleite ich junge Nachwuchsf\u00fchrungskr\u00e4fte und st\u00e4rke sie in ihrer Entwicklung. Meine Kunden buchen meist individuell [&hellip;]<\/p>\n","protected":false},"author":4,"featured_media":0,"parent":7,"menu_order":2,"comment_status":"closed","ping_status":"closed","template":"","meta":{"_et_pb_use_builder":"on","_et_pb_old_content":"","_et_gb_content_width":"","footnotes":""},"class_list":["post-80","page","type-page","status-publish","hentry"],"_links":{"self":[{"href":"https:\/\/timo-balke.de\/index.php?rest_route=\/wp\/v2\/pages\/80","targetHints":{"allow":["GET"]}}],"collection":[{"href":"https:\/\/timo-balke.de\/index.php?rest_route=\/wp\/v2\/pages"}],"about":[{"href":"https:\/\/timo-balke.de\/index.php?rest_route=\/wp\/v2\/types\/page"}],"author":[{"embeddable":true,"href":"https:\/\/timo-balke.de\/index.php?rest_route=\/wp\/v2\/users\/4"}],"replies":[{"embeddable":true,"href":"https:\/\/timo-balke.de\/index.php?rest_route=%2Fwp%2Fv2%2Fcomments&post=80"}],"version-history":[{"count":58,"href":"https:\/\/timo-balke.de\/index.php?rest_route=\/wp\/v2\/pages\/80\/revisions"}],"predecessor-version":[{"id":534,"href":"https:\/\/timo-balke.de\/index.php?rest_route=\/wp\/v2\/pages\/80\/revisions\/534"}],"up":[{"embeddable":true,"href":"https:\/\/timo-balke.de\/index.php?rest_route=\/wp\/v2\/pages\/7"}],"wp:attachment":[{"href":"https:\/\/timo-balke.de\/index.php?rest_route=%2Fwp%2Fv2%2Fmedia&parent=80"}],"curies":[{"name":"wp","href":"https:\/\/api.w.org\/{rel}","templated":true}]}}